{"id":411,"date":"2026-03-30T14:46:26","date_gmt":"2026-03-30T12:46:26","guid":{"rendered":"https:\/\/ffbiotech.fr\/?page_id=411"},"modified":"2026-04-21T09:51:26","modified_gmt":"2026-04-21T07:51:26","slug":"mentions-legales","status":"publish","type":"page","link":"https:\/\/ffbiotech.fr\/en\/mentions-legales\/","title":{"rendered":"Mentions l\u00e9gales"},"content":{"rendered":"<div data-elementor-type=\"wp-page\" data-elementor-id=\"411\" class=\"elementor elementor-411\" data-elementor-post-type=\"page\">\n\t\t\t\t<div class=\"elementor-element elementor-element-4b2d9cd e-flex e-con-boxed e-con e-parent\" data-id=\"4b2d9cd\" data-element_type=\"container\" data-e-type=\"container\" data-settings=\"{&quot;shape_divider_top&quot;:&quot;mountains&quot;}\">\n\t\t\t\t\t<div class=\"e-con-inner\">\n\t\t\t\t<div class=\"elementor-shape elementor-shape-top\" aria-hidden=\"true\" data-negative=\"false\">\n\t\t\t<svg xmlns=\"http:\/\/www.w3.org\/2000\/svg\" viewbox=\"0 0 1000 100\" preserveaspectratio=\"none\">\n\t<path class=\"elementor-shape-fill\" opacity=\"0.33\" d=\"M473,67.3c-203.9,88.3-263.1-34-320.3,0C66,119.1,0,59.7,0,59.7V0h1000v59.7 c0,0-62.1,26.1-94.9,29.3c-32.8,3.3-62.8-12.3-75.8-22.1C806,49.6,745.3,8.7,694.9,4.7S492.4,59,473,67.3z\"\/>\n\t<path class=\"elementor-shape-fill\" opacity=\"0.66\" d=\"M734,67.3c-45.5,0-77.2-23.2-129.1-39.1c-28.6-8.7-150.3-10.1-254,39.1 s-91.7-34.4-149.2,0C115.7,118.3,0,39.8,0,39.8V0h1000v36.5c0,0-28.2-18.5-92.1-18.5C810.2,18.1,775.7,67.3,734,67.3z\"\/>\n\t<path class=\"elementor-shape-fill\" d=\"M766.1,28.9c-200-57.5-266,65.5-395.1,19.5C242,1.8,242,5.4,184.8,20.6C128,35.8,132.3,44.9,89.9,52.5C28.6,63.7,0,0,0,0 h1000c0,0-9.9,40.9-83.6,48.1S829.6,47,766.1,28.9z\"\/>\n<\/svg>\t\t<\/div>\n\t\t\t\t<div class=\"elementor-element elementor-element-3eef81c6 elementor-widget elementor-widget-heading\" data-id=\"3eef81c6\" data-element_type=\"widget\" data-e-type=\"widget\" data-widget_type=\"heading.default\">\n\t\t\t\t\t<h1 class=\"elementor-heading-title elementor-size-default\">Mentions l\u00e9gales<\/h1>\t\t\t\t<\/div>\n\t\t\t\t\t<\/div>\n\t\t\t\t<\/div>\n\t\t<div class=\"elementor-element elementor-element-4452e05 e-flex e-con-boxed e-con e-parent\" data-id=\"4452e05\" data-element_type=\"container\" data-e-type=\"container\">\n\t\t\t\t\t<div class=\"e-con-inner\">\n\t\t\t\t<div class=\"elementor-element elementor-element-7f64f14 elementor-widget elementor-widget-text-editor\" data-id=\"7f64f14\" data-element_type=\"widget\" data-e-type=\"widget\" data-widget_type=\"text-editor.default\">\n\t\t\t\t\t\t\t\t\t<section class=\"elementor-section elementor-top-section elementor-element elementor-element-c0dfe01 elementor-section-boxed elementor-section-height-default elementor-section-height-default\" data-id=\"c0dfe01\" data-element_type=\"section\" data-e-type=\"section\"><div class=\"elementor-container elementor-column-gap-default\"><div class=\"elementor-column elementor-col-100 elementor-top-column elementor-element elementor-element-fee43ae\" data-id=\"fee43ae\" data-element_type=\"column\" data-e-type=\"column\"><div class=\"elementor-widget-wrap elementor-element-populated\"><div class=\"elementor-element elementor-element-3830f7c elementor-widget__width-initial elementor-widget elementor-widget-text-editor\" data-id=\"3830f7c\" data-element_type=\"widget\" data-e-type=\"widget\" data-widget_type=\"text-editor.default\"><div class=\"elementor-widget-container\"><p>Conform\u00e9ment aux dispositions de la loi n\u00b0 2004-575 du 21 juin 2004 pour la confiance en l\u2019\u00e9conomie num\u00e9rique, il est pr\u00e9cis\u00e9 aux utilisateurs du site <a href=\"https:\/\/ffbiotech.fr\/en\/\" target=\"_blank\" rel=\"noopener\">https:\/\/ffbiotech.fr<\/a> l\u2019identit\u00e9 des diff\u00e9rents intervenants dans le cadre de sa r\u00e9alisation et de son suivi.<\/p><h2>Edition du site<\/h2><p>Le site <a href=\"https:\/\/ffbiotech.fr\/en\/\" target=\"_blank\" rel=\"noopener\">https:\/\/ffbiotech.fr<\/a> est \u00e9dit\u00e9 par l\u2019association F\u00e9d\u00e9ration Fran\u00e7aise des Biotechnologies ou FFBiotech.<\/p><p><strong>Raison Sociale :<\/strong><\/p><p>F\u00e9d\u00e9ration Fran\u00e7aise des Biotechnologies<\/p><p>Toulouse Biotechnology Institute EAD5\u00a0\u00a0\u00a0\u00a0\u00a0\u00a0\u00a0\u00a0\u00a0\u00a0\u00a0<\/p><p>135 avenue de Rangueil<\/p><p>31077 Toulouse Cedex 04<\/p><p><span class=\"TextRun SCXW28297448 BCX0\" lang=\"FR\" xml:lang=\"FR\" data-contrast=\"none\"><span class=\"NormalTextRun SCXW28297448 BCX0\"><strong>Identification SIRET<\/strong>\u00a0:<\/span><\/span><\/p><p>819 360 322 00013<\/p><p><strong>Responsable de publication :<\/strong><\/p><p class=\"elementor-image-box-title\">Prof. Jean Marie FRANCOIS, Pr\u00e9sident de l\u2019association<\/p><p><strong>R\u00e9alisation et Webmaster :<\/strong><\/p><p><a href=\"https:\/\/christelle-labruyere.com\/\" target=\"_blank\" rel=\"noopener\">Christelle Labruyere<\/a><\/p><p><strong>Nous contacter :<\/strong><\/p><ul><li>Par email : jean-marie.francois@insa-toulouse.fr<\/li><\/ul><p><strong>H\u00e9bergeur :<\/strong><\/p><p><span data-contrast=\"none\">Le site https:\/\/ffbiotech.fr <\/span><span data-contrast=\"auto\">est<\/span><span data-contrast=\"none\">\u00a0h\u00e9berg\u00e9 par la soci\u00e9t\u00e9\u00a0<a href=\"https:\/\/www.o2switch.fr\/\" target=\"_blank\" rel=\"noopener\">O2Switch.<\/a><\/span><\/p><\/div><\/div><\/div><\/div><\/div><\/section><section class=\"elementor-section elementor-top-section elementor-element elementor-element-e050b86 elementor-section-boxed elementor-section-height-default elementor-section-height-default\" data-id=\"e050b86\" data-element_type=\"section\" data-e-type=\"section\"><div class=\"elementor-container elementor-column-gap-default\"><div class=\"elementor-column elementor-col-100 elementor-top-column elementor-element elementor-element-fa1c239\" data-id=\"fa1c239\" data-element_type=\"column\" data-e-type=\"column\"><div class=\"elementor-widget-wrap elementor-element-populated\"><div class=\"elementor-element elementor-element-0bcc249 elementor-widget elementor-widget-text-editor\" data-id=\"0bcc249\" data-element_type=\"widget\" data-e-type=\"widget\" data-widget_type=\"text-editor.default\"><div class=\"elementor-widget-container\"><h2>Protection des donn\u00e9es personnelles<\/h2><p>La FFBiotech, en sa qualit\u00e9 de responsable de traitement, vous informe que vos donn\u00e9es font l\u2019objet d\u2019un traitement.<\/p><p>Des donn\u00e9es \u00e0 caract\u00e8re personnel sont susceptibles d\u2019\u00eatre collect\u00e9es par l\u2019association.<\/p><p>Des donn\u00e9es \u00e0 caract\u00e8re personnel :<\/p><ul><li>Last Name<\/li><li>First Name<\/li><li>Adresse e-mail<\/li><li>Organisme de rattachement (institut, laboratoire, entreprises\u2026)<\/li><li>Fonction (\u00e9tudiants, stagiaires, chercheurs, directeur, responsable technique)<\/li><\/ul><p>Dans le cadre :<\/p><ul><li>d\u2019adh\u00e9sion \u00e0 l\u2019association<\/li><li>de participation \u00e0 des \u00e9v\u00e9nements<\/li><\/ul><div><p><strong>Destinataires des donn\u00e9es<\/strong><\/p><p>Ces donn\u00e9es sont accessibles, en fonction de leurs besoins respectifs, par :<\/p><ul><li>Webmestres, administrateurs du site.<\/li><li>Des personnes en charge de la gestion financi\u00e8re et de la communication de l\u2019association.\u00a0<\/li><\/ul><\/div><div><p><strong>Dur\u00e9e de conservation des donn\u00e9es<\/strong><\/p><p>Elles sont conserv\u00e9es pour une dur\u00e9e de :<\/p><ul><li>Au bout de trois ans d\u2019inactivit\u00e9, les donn\u00e9es personnelles sont supprim\u00e9es dans le cadre du droit \u00e0 l\u2019oubli.<\/li><li><span dir=\"ltr\" role=\"presentation\">En cas de demande de d\u00e9sabonnement, les donn\u00e9es seront supprim\u00e9es de la demande\u00a0<\/span><span dir=\"ltr\" role=\"presentation\">de la personne concern\u00e9e dans un d\u00e9lai de 1 mois. Cel<\/span><span dir=\"ltr\" role=\"presentation\">le<\/span><span dir=\"ltr\" role=\"presentation\">\u2013<\/span><span dir=\"ltr\" role=\"presentation\">ci doit faire l\u2019objet d\u2019un message confirmant en retour la suppression.\u00a0<\/span><span dir=\"ltr\" role=\"presentation\">Il en est de m\u00eame en cas de demande de modification de donn\u00e9es (ex.<\/span>\u00a0<span dir=\"ltr\" role=\"presentation\">: changement d\u2019adresse e-mail). Un\u00a0<\/span><span dir=\"ltr\" role=\"presentation\">message sera envoy\u00e9 au demandeur pour confirmer la modification des donn\u00e9es.<\/span><\/li><\/ul><\/div><div><div><div><div><p><strong>Transfert des donn\u00e9es hors de l\u2019Union Europ\u00e9enne<\/strong><\/p><p>Aucun transfert des donn\u00e9es hors de l\u2019Union Europ\u00e9enne n\u2019est r\u00e9alis\u00e9.<\/p><\/div><\/div><\/div><\/div><div><div><div><div><p><strong>Droit des personnes<\/strong><\/p><p>Conform\u00e9ment aux dispositions l\u00e9gales et r\u00e8glementaires applicables, en particulier la loi n\u00b0 78-17 du 6 janvier modifi\u00e9e relative \u00e0 l\u2019informatique, aux fichiers et aux libert\u00e9s et le r\u00e8glement europ\u00e9en n\u00b0 2016\/679\/UE du 27 avril 2016 (applicable depuis le 25 mai 2018), vous disposez des droits suivants\u00a0:<\/p><p>Contributeur authentifi\u00e9 :<\/p><ul><li>Mettre \u00e0 jour ou supprimer vos donn\u00e9es en vous connectant \u00e0 votre compte et en configurant ses param\u00e8tres\u00a0;<\/li><\/ul><p>Utilisateur :<\/p><ul><li>Exercer votre droit d\u2019acc\u00e8s, pour conna\u00eetre les donn\u00e9es personnelles qui vous concernent\u00a0;<\/li><li>Demander la mise \u00e0 jour de vos donn\u00e9es, si elles sont inexactes\u00a0;<\/li><li>Demander la portabilit\u00e9 ou la suppression de vos donn\u00e9es\u00a0;<\/li><li>Demander la suppression de votre compte\u00a0;<\/li><li>Demander la limitation du traitement de vos donn\u00e9es\u00a0;<\/li><li>Vous opposer, pour des motifs l\u00e9gitimes, au traitement de vos donn\u00e9es\u00a0;<\/li><li>Retirer votre consentement au traitement de vos donn\u00e9es.<\/li><\/ul><\/div><\/div><\/div><\/div><div><div><p><strong>Pour exercer ces droits<\/strong><\/p><div><div><p>Adressez-vous \u00e0 l\u2019\u00e9quipe web : labruyerechristelle@icloud.com\u00a0<\/p><\/div><\/div><\/div><\/div><div><div><div><div><p><strong>Droit d\u2019introduire une r\u00e9clamation<\/strong><\/p><p>Si vous estimez, apr\u00e8s nous avoir contact\u00e9s, que vos droits Informatique et Libert\u00e9s ne sont pas respect\u00e9s, vous avez la possibilit\u00e9 d\u2019introduire une r\u00e9clamation en ligne aupr\u00e8s de la\u00a0<a href=\"https:\/\/www.cnil.fr\/\" target=\"_blank\" rel=\"noopener noreferrer\">CNIL<\/a>\u00a0ou par courrier postal.<\/p><\/div><\/div><\/div><\/div><\/div><\/div><\/div><\/div><\/div><\/section>\t\t\t\t\t\t\t\t<\/div>\n\t\t\t\t\t<\/div>\n\t\t\t\t<\/div>\n\t\t\t\t<\/div>","protected":false},"excerpt":{"rendered":"<p>Conform\u00e9ment aux dispositions de la loi n\u00b0 2004-575 du 21 juin 2004 pour la confiance en l\u2019\u00e9conomie num\u00e9rique, il est pr\u00e9cis\u00e9 aux utilisateurs du site https:\/\/ffbiotech.fr l\u2019identit\u00e9 des diff\u00e9rents intervenants dans le cadre de sa r\u00e9alisation et de son suivi. Edition du site Le site https:\/\/ffbiotech.fr est \u00e9dit\u00e9 par l\u2019association F\u00e9d\u00e9ration Fran\u00e7aise des Biotechnologies ou [&hellip;]<\/p>\n","protected":false},"author":1,"featured_media":0,"parent":0,"menu_order":0,"comment_status":"closed","ping_status":"closed","template":"","meta":{"footnotes":""},"class_list":["post-411","page","type-page","status-publish","hentry"],"_links":{"self":[{"href":"https:\/\/ffbiotech.fr\/en\/wp-json\/wp\/v2\/pages\/411","targetHints":{"allow":["GET"]}}],"collection":[{"href":"https:\/\/ffbiotech.fr\/en\/wp-json\/wp\/v2\/pages"}],"about":[{"href":"https:\/\/ffbiotech.fr\/en\/wp-json\/wp\/v2\/types\/page"}],"author":[{"embeddable":true,"href":"https:\/\/ffbiotech.fr\/en\/wp-json\/wp\/v2\/users\/1"}],"replies":[{"embeddable":true,"href":"https:\/\/ffbiotech.fr\/en\/wp-json\/wp\/v2\/comments?post=411"}],"version-history":[{"count":10,"href":"https:\/\/ffbiotech.fr\/en\/wp-json\/wp\/v2\/pages\/411\/revisions"}],"predecessor-version":[{"id":545,"href":"https:\/\/ffbiotech.fr\/en\/wp-json\/wp\/v2\/pages\/411\/revisions\/545"}],"wp:attachment":[{"href":"https:\/\/ffbiotech.fr\/en\/wp-json\/wp\/v2\/media?parent=411"}],"curies":[{"name":"wp","href":"https:\/\/api.w.org\/{rel}","templated":true}]}}